{"id":2596,"date":"2023-06-24T05:41:29","date_gmt":"2023-06-24T05:41:29","guid":{"rendered":"https:\/\/www.izbira.si\/?page_id=2596"},"modified":"2023-06-24T19:47:42","modified_gmt":"2023-06-24T19:47:42","slug":"pogodbeno-vzdrzevanje-cenik","status":"publish","type":"page","link":"https:\/\/www.izbira.si\/?page_id=2596","title":{"rendered":"pogodbeno vzdr\u017eevanje &#8211; cenik"},"content":{"rendered":"\n<div class=\"wp-block-group\"><div class=\"wp-block-group__inner-container is-layout-constrained wp-block-group-is-layout-constrained\">\n<h1 class=\"wp-block-heading\" style=\"font-size:35px\">Pogodbeno vzdr\u017eevanje ra\u010dunalni\u0161ke opreme<\/h1>\n<\/div><\/div>\n\n\n\n<div class=\"wp-block-group\"><div class=\"wp-block-group__inner-container is-layout-constrained wp-block-group-is-layout-constrained\">\n<div class=\"wp-block-group\" style=\"font-size:18px\"><div class=\"wp-block-group__inner-container is-layout-constrained wp-block-group-is-layout-constrained\">\n<div class=\"wp-block-group\" style=\"font-size:17px\"><div class=\"wp-block-group__inner-container is-layout-constrained wp-block-group-is-layout-constrained\">\n<pre class=\"wp-block-verse\" style=\"font-size:17px\">v dana\u0161njem \u010dasu, ko so prakti\u010dno vsi poslovni procesi odvisni od ra\u010dunalni\u0161ke in programske opreme je nemoteno delovanje ra\u010dunalni\u0161kega sistema klju\u010dnega pomena pri poslovanju podjetja. Zastoj ali celo izpad dela zaradi okvare ra\u010dunalni\u0161ke opreme ima lahko dolgoro\u010dne in ne\u017eelene posledice :\n\n<\/pre>\n<\/div><\/div>\n<\/div><\/div>\n<\/div><\/div>\n\n\n\n<ul class=\"wp-block-list\" style=\"font-size:16px\">\n<li style=\"font-size:16px\">izguba kupcev oziroma stalnih strank,<\/li>\n\n\n\n<li style=\"font-size:16px\">izguba podatkov ali<\/li>\n\n\n\n<li style=\"font-size:16px\">izguba ugleda podjetja.<br><\/li>\n<\/ul>\n\n\n\n<div class=\"wp-block-group\" style=\"font-size:17px\"><div class=\"wp-block-group__inner-container is-layout-constrained wp-block-group-is-layout-constrained\">\n<p>za vzdr\u017eevanje ra\u010dunalni\u0161kih sistemov, stre\u017enikov, strojne in komunikacijske ra\u010dunalni\u0161ke opreme pri strankah smo razvili ve\u010d modelov s katerimi bistveno izbolj\u0161amo odzivnost in stabilnost posameznih elementov kot tudi sistema v celoti. Preventivno vzdr\u017eevanje poteka na daljavo in seveda \u010dasovno tako, da naro\u010dnika ne moti pri njegovih vsakodnevnih aktivnostih. S tem bistveno zmanj\u0161amo vzroke za ve\u010dje izpade sistema kakor tudi nepotrebne in visoke stro\u0161ke popravila med delom \u010dasom naro\u010dnika.<\/p>\n<\/div><\/div>\n\n\n<p><h3 class=\"gdlr-heading-shortcode \"  style=\"font-size: 22px;font-weight: normal;\" >Cenik - servis ra\u010dunalnikov<\/h3><\/p>\n\n\n<p><div class=\"clear\"><\/div><div class=\"gdlr-space\" style=\"margin-top: 40px;\"><\/div><\/p>\n\n\n\n<table id=\"tablepress-4\" class=\"tablepress tablepress-id-4 pricing-table\">\n<thead>\n<tr class=\"row-1\">\n\t<td class=\"column-1\"><\/td><th class=\"column-2\">paket S<\/th><th class=\"column-3\">paket M<\/th><th class=\"column-4\">paket L<\/th>\n<\/tr>\n<\/thead>\n<tbody>\n<tr class=\"row-2\">\n\t<td class=\"column-1\"><\/td><td class=\"column-2\">100\u20ac na mesec<\/td><td class=\"column-3\">300 \u20ac na mesec<\/td><td class=\"column-4\">500\u20ac na mesec<\/td>\n<\/tr>\n<tr class=\"row-3\">\n\t<td class=\"column-1\">\u0161tevilo ra\u010dunalnikov<\/td><td class=\"column-2\">1-5<\/td><td class=\"column-3\">6-12<\/td><td class=\"column-4\">13-25<\/td>\n<\/tr>\n<tr class=\"row-4\">\n\t<td class=\"column-1\">brezpla\u010dna telefonska pomo\u010d<\/td><td class=\"column-2\">DA<\/td><td class=\"column-3\">DA<\/td><td class=\"column-4\">DA<\/td>\n<\/tr>\n<tr class=\"row-5\">\n\t<td class=\"column-1\">\u0161tevilo servisnih ur na mesec<\/td><td class=\"column-2\">2<\/td><td class=\"column-3\">7<br \/>\n<\/td><td class=\"column-4\">12<\/td>\n<\/tr>\n<tr class=\"row-6\">\n\t<td class=\"column-1\">\u0161tevilo servisev na daljavo<\/td><td class=\"column-2\">2<\/td><td class=\"column-3\">4<\/td><td class=\"column-4\">6<\/td>\n<\/tr>\n<tr class=\"row-7\">\n\t<td class=\"column-1\">odzivni \u010das<\/td><td class=\"column-2\">do 12 ur<\/td><td class=\"column-3\">do 6ur <\/td><td class=\"column-4\">do 4ure<\/td>\n<\/tr>\n<tr class=\"row-8\">\n\t<td class=\"column-1\">popust na dodatne storitve<\/td><td class=\"column-2\">5%<\/td><td class=\"column-3\">10%<\/td><td class=\"column-4\">10%<\/td>\n<\/tr>\n<\/tbody>\n<\/table>\n<!-- #tablepress-4 from cache -->\n\n\n\n<p><em>vse cene so brez DDV, saj nismo dav\u010dni zavezanec po 1. ods. 94. \u010dlena ZDDV-1.<\/em><\/p>\n\n\n\n<p><strong>cene veljajo za opravljene storitve v Celju in okolici, za vse ostalo se ob vsakem obisku posebej obra\u010duna kilometrina do stranke in nazaj, v vi\u0161ini 0,37\u20ac\/km.<\/strong><\/p>\n\n\n\n<p><strong>mo\u017eni so tudi sestavljeni paketi po va\u0161ih \u017eeljah. Za vse ostalo veljajo cene po trenutneo veljavnem ceniku, z od\u0161tetimi pogodbenimi popusti.<\/strong><\/p>\n","protected":false},"excerpt":{"rendered":"<p>Pogodbeno vzdr\u017eevanje ra\u010dunalni\u0161ke opreme v dana\u0161njem \u010dasu, ko so prakti\u010dno vsi poslovni procesi odvisni od ra\u010dunalni\u0161ke in programske opreme je nemoteno delovanje ra\u010dunalni\u0161kega sistema klju\u010dnega pomena pri poslovanju podjetja. Zastoj ali celo izpad dela zaradi okvare ra\u010dunalni\u0161ke opreme ima lahko dolgoro\u010dne in ne\u017eelene posledice : za vzdr\u017eevanje ra\u010dunalni\u0161kih sistemov, stre\u017enikov, strojne in komunikacijske ra\u010dunalni\u0161ke opreme&#8230; <a href=\"https:\/\/www.izbira.si\/?page_id=2596\" class=\"excerpt-read-more\">Read More<\/a><\/p>\n","protected":false},"author":1,"featured_media":0,"parent":0,"menu_order":0,"comment_status":"closed","ping_status":"open","template":"","meta":{"footnotes":""},"class_list":["post-2596","page","type-page","status-publish","hentry"],"yoast_head":"<!-- This site is optimized with the Yoast SEO plugin v27.4 - https:\/\/yoast.com\/product\/yoast-seo-wordpress\/ -->\n<title>pogodbeno vzdr\u017eevanje - cenik - IT izbira<\/title>\n<meta name=\"robots\" content=\"index, follow, max-snippet:-1, max-image-preview:large, max-video-preview:-1\" \/>\n<link rel=\"canonical\" href=\"https:\/\/www.izbira.si\/?page_id=2596\" \/>\n<meta property=\"og:locale\" content=\"en_US\" \/>\n<meta property=\"og:type\" content=\"article\" \/>\n<meta property=\"og:title\" content=\"pogodbeno vzdr\u017eevanje - cenik - IT izbira\" \/>\n<meta property=\"og:description\" content=\"Pogodbeno vzdr\u017eevanje ra\u010dunalni\u0161ke opreme v dana\u0161njem \u010dasu, ko so prakti\u010dno vsi poslovni procesi odvisni od ra\u010dunalni\u0161ke in programske opreme je nemoteno delovanje ra\u010dunalni\u0161kega sistema klju\u010dnega pomena pri poslovanju podjetja. Zastoj ali celo izpad dela zaradi okvare ra\u010dunalni\u0161ke opreme ima lahko dolgoro\u010dne in ne\u017eelene posledice : za vzdr\u017eevanje ra\u010dunalni\u0161kih sistemov, stre\u017enikov, strojne in komunikacijske ra\u010dunalni\u0161ke opreme... Read More\" \/>\n<meta property=\"og:url\" content=\"https:\/\/www.izbira.si\/?page_id=2596\" \/>\n<meta property=\"og:site_name\" content=\"IT izbira\" \/>\n<meta property=\"article:modified_time\" content=\"2023-06-24T19:47:42+00:00\" \/>\n<meta name=\"twitter:card\" content=\"summary_large_image\" \/>\n<meta name=\"twitter:label1\" content=\"Est. reading time\" \/>\n\t<meta name=\"twitter:data1\" content=\"1 minute\" \/>\n<script type=\"application\/ld+json\" class=\"yoast-schema-graph\">{\"@context\":\"https:\\\/\\\/schema.org\",\"@graph\":[{\"@type\":\"WebPage\",\"@id\":\"https:\\\/\\\/www.izbira.si\\\/?page_id=2596\",\"url\":\"https:\\\/\\\/www.izbira.si\\\/?page_id=2596\",\"name\":\"pogodbeno vzdr\u017eevanje - cenik - IT izbira\",\"isPartOf\":{\"@id\":\"https:\\\/\\\/www.izbira.si\\\/#website\"},\"datePublished\":\"2023-06-24T05:41:29+00:00\",\"dateModified\":\"2023-06-24T19:47:42+00:00\",\"breadcrumb\":{\"@id\":\"https:\\\/\\\/www.izbira.si\\\/?page_id=2596#breadcrumb\"},\"inLanguage\":\"en-US\",\"potentialAction\":[{\"@type\":\"ReadAction\",\"target\":[\"https:\\\/\\\/www.izbira.si\\\/?page_id=2596\"]}]},{\"@type\":\"BreadcrumbList\",\"@id\":\"https:\\\/\\\/www.izbira.si\\\/?page_id=2596#breadcrumb\",\"itemListElement\":[{\"@type\":\"ListItem\",\"position\":1,\"name\":\"Home\",\"item\":\"https:\\\/\\\/www.izbira.si\\\/\"},{\"@type\":\"ListItem\",\"position\":2,\"name\":\"pogodbeno vzdr\u017eevanje &#8211; cenik\"}]},{\"@type\":\"WebSite\",\"@id\":\"https:\\\/\\\/www.izbira.si\\\/#website\",\"url\":\"https:\\\/\\\/www.izbira.si\\\/\",\"name\":\"zbira\",\"description\":\"IT izbira\",\"publisher\":{\"@id\":\"https:\\\/\\\/www.izbira.si\\\/#organization\"},\"potentialAction\":[{\"@type\":\"SearchAction\",\"target\":{\"@type\":\"EntryPoint\",\"urlTemplate\":\"https:\\\/\\\/www.izbira.si\\\/?s={search_term_string}\"},\"query-input\":{\"@type\":\"PropertyValueSpecification\",\"valueRequired\":true,\"valueName\":\"search_term_string\"}}],\"inLanguage\":\"en-US\"},{\"@type\":\"Organization\",\"@id\":\"https:\\\/\\\/www.izbira.si\\\/#organization\",\"name\":\"izbira\",\"url\":\"https:\\\/\\\/www.izbira.si\\\/\",\"logo\":{\"@type\":\"ImageObject\",\"inLanguage\":\"en-US\",\"@id\":\"https:\\\/\\\/www.izbira.si\\\/#\\\/schema\\\/logo\\\/image\\\/\",\"url\":\"https:\\\/\\\/www.izbira.si\\\/wp-content\\\/uploads\\\/2023\\\/06\\\/izbira11-.png\",\"contentUrl\":\"https:\\\/\\\/www.izbira.si\\\/wp-content\\\/uploads\\\/2023\\\/06\\\/izbira11-.png\",\"width\":583,\"height\":259,\"caption\":\"izbira\"},\"image\":{\"@id\":\"https:\\\/\\\/www.izbira.si\\\/#\\\/schema\\\/logo\\\/image\\\/\"}}]}<\/script>\n<!-- \/ Yoast SEO plugin. -->","yoast_head_json":{"title":"pogodbeno vzdr\u017eevanje - cenik - IT izbira","robots":{"index":"index","follow":"follow","max-snippet":"max-snippet:-1","max-image-preview":"max-image-preview:large","max-video-preview":"max-video-preview:-1"},"canonical":"https:\/\/www.izbira.si\/?page_id=2596","og_locale":"en_US","og_type":"article","og_title":"pogodbeno vzdr\u017eevanje - cenik - IT izbira","og_description":"Pogodbeno vzdr\u017eevanje ra\u010dunalni\u0161ke opreme v dana\u0161njem \u010dasu, ko so prakti\u010dno vsi poslovni procesi odvisni od ra\u010dunalni\u0161ke in programske opreme je nemoteno delovanje ra\u010dunalni\u0161kega sistema klju\u010dnega pomena pri poslovanju podjetja. Zastoj ali celo izpad dela zaradi okvare ra\u010dunalni\u0161ke opreme ima lahko dolgoro\u010dne in ne\u017eelene posledice : za vzdr\u017eevanje ra\u010dunalni\u0161kih sistemov, stre\u017enikov, strojne in komunikacijske ra\u010dunalni\u0161ke opreme... Read More","og_url":"https:\/\/www.izbira.si\/?page_id=2596","og_site_name":"IT izbira","article_modified_time":"2023-06-24T19:47:42+00:00","twitter_card":"summary_large_image","twitter_misc":{"Est. reading time":"1 minute"},"schema":{"@context":"https:\/\/schema.org","@graph":[{"@type":"WebPage","@id":"https:\/\/www.izbira.si\/?page_id=2596","url":"https:\/\/www.izbira.si\/?page_id=2596","name":"pogodbeno vzdr\u017eevanje - cenik - IT izbira","isPartOf":{"@id":"https:\/\/www.izbira.si\/#website"},"datePublished":"2023-06-24T05:41:29+00:00","dateModified":"2023-06-24T19:47:42+00:00","breadcrumb":{"@id":"https:\/\/www.izbira.si\/?page_id=2596#breadcrumb"},"inLanguage":"en-US","potentialAction":[{"@type":"ReadAction","target":["https:\/\/www.izbira.si\/?page_id=2596"]}]},{"@type":"BreadcrumbList","@id":"https:\/\/www.izbira.si\/?page_id=2596#breadcrumb","itemListElement":[{"@type":"ListItem","position":1,"name":"Home","item":"https:\/\/www.izbira.si\/"},{"@type":"ListItem","position":2,"name":"pogodbeno vzdr\u017eevanje &#8211; cenik"}]},{"@type":"WebSite","@id":"https:\/\/www.izbira.si\/#website","url":"https:\/\/www.izbira.si\/","name":"zbira","description":"IT izbira","publisher":{"@id":"https:\/\/www.izbira.si\/#organization"},"potentialAction":[{"@type":"SearchAction","target":{"@type":"EntryPoint","urlTemplate":"https:\/\/www.izbira.si\/?s={search_term_string}"},"query-input":{"@type":"PropertyValueSpecification","valueRequired":true,"valueName":"search_term_string"}}],"inLanguage":"en-US"},{"@type":"Organization","@id":"https:\/\/www.izbira.si\/#organization","name":"izbira","url":"https:\/\/www.izbira.si\/","logo":{"@type":"ImageObject","inLanguage":"en-US","@id":"https:\/\/www.izbira.si\/#\/schema\/logo\/image\/","url":"https:\/\/www.izbira.si\/wp-content\/uploads\/2023\/06\/izbira11-.png","contentUrl":"https:\/\/www.izbira.si\/wp-content\/uploads\/2023\/06\/izbira11-.png","width":583,"height":259,"caption":"izbira"},"image":{"@id":"https:\/\/www.izbira.si\/#\/schema\/logo\/image\/"}}]}},"_links":{"self":[{"href":"https:\/\/www.izbira.si\/index.php?rest_route=\/wp\/v2\/pages\/2596","targetHints":{"allow":["GET"]}}],"collection":[{"href":"https:\/\/www.izbira.si\/index.php?rest_route=\/wp\/v2\/pages"}],"about":[{"href":"https:\/\/www.izbira.si\/index.php?rest_route=\/wp\/v2\/types\/page"}],"author":[{"embeddable":true,"href":"https:\/\/www.izbira.si\/index.php?rest_route=\/wp\/v2\/users\/1"}],"replies":[{"embeddable":true,"href":"https:\/\/www.izbira.si\/index.php?rest_route=%2Fwp%2Fv2%2Fcomments&post=2596"}],"version-history":[{"count":1,"href":"https:\/\/www.izbira.si\/index.php?rest_route=\/wp\/v2\/pages\/2596\/revisions"}],"predecessor-version":[{"id":2785,"href":"https:\/\/www.izbira.si\/index.php?rest_route=\/wp\/v2\/pages\/2596\/revisions\/2785"}],"wp:attachment":[{"href":"https:\/\/www.izbira.si\/index.php?rest_route=%2Fwp%2Fv2%2Fmedia&parent=2596"}],"curies":[{"name":"wp","href":"https:\/\/api.w.org\/{rel}","templated":true}]}}